{"id":391,"date":"2018-02-20T14:32:10","date_gmt":"2018-02-20T17:32:10","guid":{"rendered":"http:\/\/saojoaods.com.br\/encomendas\/?page_id=391"},"modified":"2023-07-21T10:01:06","modified_gmt":"2023-07-21T13:01:06","slug":"quem-somos","status":"publish","type":"page","link":"https:\/\/saojoaods.com.br\/encomendas\/quem-somos\/","title":{"rendered":"QUEM SOMOS"},"content":{"rendered":"[vc_row][vc_column][vc_column_text]\n<h2><span style=\"color: #6d0020;\"><strong>A hist\u00f3ria da S\u00e3o Jo\u00e3o come\u00e7a em 1979. Uma empresa familiar, nascida da generosidade e do apoio inestim\u00e1vel do Sr. Jo\u00e3o Paulino Bernardo.<\/strong><\/span><\/h2>\n<p>Inicialmente chamada Pastelaria S\u00e3o Jo\u00e3o, passou a expandir sua linha de produtos ao longo dos anos, transformando-se, ent\u00e3o, na S\u00e3o Jo\u00e3o Doces e Salgados, que hoje atua em diferentes segmentos atrav\u00e9s de 3 marcas:<\/p>\n<p><strong>\u30fbS\u00e3o Jo\u00e3o Encomendas<\/strong><br \/>\n<strong>\u30fbS\u00e3o Jo\u00e3o Cafeterias<\/strong><br \/>\n<strong>\u30fbS\u00e3o Jo\u00e3o Congelados<\/strong><\/p>\n<p>S\u00e3o tortas, bolos, doces, sobremesas, salgados fritos, assados e frios sob encomenda que fazem parte da vida de milhares de clientes de toda a Grande Florian\u00f3polis; Cafeterias que ado\u00e7am o dia-a-dia de quem frequenta Florian\u00f3polis e Palho\u00e7a; al\u00e9m da Linha Pr\u00e1tica, de salgados congelados j\u00e1 fritos, oferecida em todas as nossas unidades bem como nas melhores redes de supermercado de Santa Catarina, que leva a qualidade da S\u00e3o Jo\u00e3o para a casa de muita gente. Sem deixar de lado os salgados congelados em tamanho lanche e tamanho coquetel comercializados por atacado, que s\u00e3o servidos em lanchonetes e cafeterias de diversas localidades.<\/p>\n<p>E n\u00e3o queremos parar por aqui. Queremos fazer parte da vida de mais pessoas a cada dia. Estamos em constante movimento. Trabalhamos intensamente, com orgulho de nossa trajet\u00f3ria. E com a certeza de que o Sr. Jo\u00e3o &#8211; pai, av\u00f4, amigo &#8211; nos ilumina a cada dia l\u00e1 de cima.<\/p>\n<p>Na S\u00e3o Jo\u00e3o cada produto \u00e9 feito com cuidado, carinho e incans\u00e1veis testes de qualidade, realizados constantemente para garantir que tudo chegue fresquinho e saboroso a cada um de nossos clientes. Fazer parte de momentos especiais \u00e9 o que nos motiva a oferecer sempre o melhor.<\/p>\n<p>Convidamos voc\u00ea a saber mais sobre a S\u00e3o Jo\u00e3o: conhe\u00e7a nosso card\u00e1pio de encomendas; venha visitar nossas Cafeterias; leve para casa nossa Linha Pr\u00e1tica. Ou, se voc\u00ea tem um neg\u00f3cio do ramo aliment\u00edcio, entre em contato para saber mais sobre nossos produtos por atacado.<\/p>\n<p>Ser\u00e1 um prazer ter voc\u00ea como parte de nossa hist\u00f3ria!<\/p>\n[\/vc_column_text][\/vc_column][\/vc_row]\n","protected":false},"excerpt":{"rendered":"<p>[vc_row][vc_column][vc_column_text] A hist\u00f3ria da S\u00e3o Jo\u00e3o come\u00e7a em 1979. Uma empresa familiar, nascida da generosidade e do apoio inestim\u00e1vel do Sr. Jo\u00e3o Paulino Bernardo. Inicialmente chamada Pastelaria S\u00e3o Jo\u00e3o, passou a expandir sua linha de produtos ao longo dos anos,&hellip;<\/p>\n","protected":false},"author":1,"featured_media":0,"parent":0,"menu_order":0,"comment_status":"closed","ping_status":"closed","template":"","meta":{"footnotes":""},"class_list":["post-391","page","type-page","status-publish","hentry","entry","no-media"],"_links":{"self":[{"href":"https:\/\/saojoaods.com.br\/encomendas\/wp-json\/wp\/v2\/pages\/391","targetHints":{"allow":["GET"]}}],"collection":[{"href":"https:\/\/saojoaods.com.br\/encomendas\/wp-json\/wp\/v2\/pages"}],"about":[{"href":"https:\/\/saojoaods.com.br\/encomendas\/wp-json\/wp\/v2\/types\/page"}],"author":[{"embeddable":true,"href":"https:\/\/saojoaods.com.br\/encomendas\/wp-json\/wp\/v2\/users\/1"}],"replies":[{"embeddable":true,"href":"https:\/\/saojoaods.com.br\/encomendas\/wp-json\/wp\/v2\/comments?post=391"}],"version-history":[{"count":15,"href":"https:\/\/saojoaods.com.br\/encomendas\/wp-json\/wp\/v2\/pages\/391\/revisions"}],"predecessor-version":[{"id":902,"href":"https:\/\/saojoaods.com.br\/encomendas\/wp-json\/wp\/v2\/pages\/391\/revisions\/902"}],"wp:attachment":[{"href":"https:\/\/saojoaods.com.br\/encomendas\/wp-json\/wp\/v2\/media?parent=391"}],"curies":[{"name":"wp","href":"https:\/\/api.w.org\/{rel}","templated":true}]}}