{"id":515,"date":"2018-04-02T14:25:41","date_gmt":"2018-04-02T17:25:41","guid":{"rendered":"http:\/\/saojoaods.com.br\/congelados\/?page_id=515"},"modified":"2018-04-27T17:20:16","modified_gmt":"2018-04-27T20:20:16","slug":"quem-somos","status":"publish","type":"page","link":"https:\/\/saojoaods.com.br\/congelados\/quem-somos\/","title":{"rendered":"QUEM SOMOS"},"content":{"rendered":"<p>A Hist\u00f3ria da S\u00e3o Jo\u00e3o come\u00e7a em 1979. Naquela \u00e9poca, chamava-se Pastelaria S\u00e3o Jo\u00e3o. Uma empresa familiar, que nasceu da generosidade e do apoio inestim\u00e1vel do Sr. Jo\u00e3o Paulino Bernardo.<\/p>\n<p>Ao longo dos anos, a inicialmente empresa de salgados expandiu seus campos de atua\u00e7\u00e3o. Hoje, com uma matriz de 770 M\u00b2, a S\u00e3o Jo\u00e3o Doces e Salgados produz doces, tortas, bolos, al\u00e9m de salgados no varejo e atacado. E est\u00e1 em constante processo de inova\u00e7\u00e3o.<\/p>\n<p>Os produtos S\u00e3o Jo\u00e3o Doces e Salgados s\u00e3o comercializados atrav\u00e9s de tr\u00eas marcas: S\u00e3o Jo\u00e3o Encomendas, S\u00e3o Jo\u00e3o Cafeteria e S\u00e3o Jo\u00e3o Congelados. Na S\u00e3o Jo\u00e3o, cada produto \u00e9 feito com cuidado, carinho, al\u00e9m de contar com incans\u00e1veis testes de qualidade, realizados constantemente para garantir que cada cliente possa consumir nossos alimentos fresquinhos e saborosos.<\/p>\n<p>Em 2015 completou 36 anos. Mas esta hist\u00f3ria n\u00e3o termina aqui.<\/p>\n<blockquote><p>&#8220;Nosso objetivo \u00e9 fazer parte de cada momento especial da sua vida &#8211; seja para dar mais sabor aos seus eventos ou para deixar seu dia a dia ainda mais gostoso&#8221;.<\/p><\/blockquote>\n<p>Tralhamos intensamento com orgulho de nossa hist\u00f3ria. E com a certeza de que o Sr. Jo\u00e3o &#8211; pai, av\u00f4, amigo &#8211; l\u00e1 de cima, nos ilumina a cada dia.<\/p>\n<h2><em>Objetivo do neg\u00f3cio<\/em><\/h2>\n<p>Atender as expectativas de qualidade e excel\u00eancia na produ\u00e7\u00e3o de doces e salgados, visando manter a tradi\u00e7\u00e3o e satisfa\u00e7\u00e3o nos melhores momentos.<\/p>\n<h2><em>Miss\u00e3o<\/em><\/h2>\n<p>Estar presente nos melhores momentos, produzindo com qualidade e excel\u00eancia, atrav\u00e9s do comprometimento coletivo.<\/p>\n<p>Satisfazer as expectativas dos acionistas, colaboradores e clientes em harmonia com a comunidade e o meio ambiente.<\/p>\n<h2><em>Vis\u00e3o<\/em><\/h2>\n<p>Ser refer\u00eancia em padr\u00e3o de qualidade e conquistar a lideran\u00e7a do mercado no segmento de doces e salgados na Grande Florian\u00f3polis at\u00e9 dezembro 2018 e at\u00e9 dezembro de 2020 no estado de Santa Catarina.<\/p>\n<h2><em>Valores<\/em><\/h2>\n<ul>\n<li><strong>Transpar\u00eancia;<\/strong><\/li>\n<li><strong>Respeito;<\/strong><\/li>\n<li><strong>Responsabilidade;<\/strong><\/li>\n<li><strong>Credibilidade e <\/strong><\/li>\n<li><strong>Integridade.<\/strong><\/li>\n<\/ul>\n","protected":false},"excerpt":{"rendered":"<p>A Hist\u00f3ria da S\u00e3o Jo\u00e3o come\u00e7a em 1979. Naquela \u00e9poca, chamava-se Pastelaria S\u00e3o Jo\u00e3o. Uma empresa familiar, que nasceu da generosidade e do apoio inestim\u00e1vel do Sr. Jo\u00e3o Paulino Bernardo. Ao longo dos anos, a inicialmente empresa de salgados expandiu&hellip;<\/p>\n","protected":false},"author":1,"featured_media":0,"parent":0,"menu_order":0,"comment_status":"closed","ping_status":"closed","template":"","meta":{"footnotes":""},"class_list":["post-515","page","type-page","status-publish","hentry","entry","no-media"],"_links":{"self":[{"href":"https:\/\/saojoaods.com.br\/congelados\/wp-json\/wp\/v2\/pages\/515","targetHints":{"allow":["GET"]}}],"collection":[{"href":"https:\/\/saojoaods.com.br\/congelados\/wp-json\/wp\/v2\/pages"}],"about":[{"href":"https:\/\/saojoaods.com.br\/congelados\/wp-json\/wp\/v2\/types\/page"}],"author":[{"embeddable":true,"href":"https:\/\/saojoaods.com.br\/congelados\/wp-json\/wp\/v2\/users\/1"}],"replies":[{"embeddable":true,"href":"https:\/\/saojoaods.com.br\/congelados\/wp-json\/wp\/v2\/comments?post=515"}],"version-history":[{"count":2,"href":"https:\/\/saojoaods.com.br\/congelados\/wp-json\/wp\/v2\/pages\/515\/revisions"}],"predecessor-version":[{"id":522,"href":"https:\/\/saojoaods.com.br\/congelados\/wp-json\/wp\/v2\/pages\/515\/revisions\/522"}],"wp:attachment":[{"href":"https:\/\/saojoaods.com.br\/congelados\/wp-json\/wp\/v2\/media?parent=515"}],"curies":[{"name":"wp","href":"https:\/\/api.w.org\/{rel}","templated":true}]}}