{"id":4,"date":"2017-12-20T14:51:26","date_gmt":"2017-12-20T16:51:26","guid":{"rendered":"http:\/\/saojoaods.com.br\/cafeteria\/?page_id=4"},"modified":"2026-03-02T16:50:37","modified_gmt":"2026-03-02T19:50:37","slug":"home","status":"publish","type":"page","link":"https:\/\/saojoaods.com.br\/cafeteria\/","title":{"rendered":"Home"},"content":{"rendered":"[vc_row full_width=&#8221;stretch_row&#8221; content_placement=&#8221;middle&#8221; css=&#8221;.vc_custom_1513893375178{padding-top: 80px !important;padding-bottom: 80px !important;background: #41382a url(http:\/\/webapp18426.ip-69-164-207-101.cloudezapp.io\/cafeteria\/wp-content\/uploads\/sites\/4\/2017\/12\/archesbrown.jpg?id=472) !important;background-position: 0 0 !important;background-repeat: repeat !important;}&#8221;][vc_column width=&#8221;1\/4&#8243;][\/vc_column][vc_column width=&#8221;1\/2&#8243;]<h2 class=\"vcex-module vcex-heading vcex-heading-plain\" style=\"color:#ff9b00;font-size:36px;text-align:center;text-transform:none;line-height:42px;\"><span class=\"vcex-heading-inner clr\">Venha tomar um caf\u00e9 e provar nossas del\u00edcias!<\/span><\/h2>[\/vc_column][vc_column width=&#8221;1\/4&#8243;][\/vc_column][\/vc_row][vc_row full_width=&#8221;stretch_row&#8221; css=&#8221;.vc_custom_1513950772865{padding-top: 100px !important;padding-bottom: 100px !important;background-color: #f1e6c8 !important;}&#8221;][vc_column][vc_single_image image=&#8221;485&#8243; alignment=&#8221;center&#8221;]<h3 class=\"vcex-module vcex-heading vcex-heading-plain vc_custom_1513950924414\" style=\"color:#633000;font-size:24px;text-align:center;text-transform:none;line-height:29px;\"><span class=\"vcex-heading-inner clr\">Aqui na S\u00e3o Jo\u00e3o Cafeteria todos os alimentos s\u00e3o produzidos em nossa pr\u00f3pria confeitaria, garantindo o uso de produtos frescos e os melhores ingredientes!<\/span><\/h3>[vc_row_inner][vc_column_inner width=&#8221;1\/3&#8243;][vc_single_image image=&#8221;489&#8243; alignment=&#8221;center&#8221; style=&#8221;vc_box_shadow_3d&#8221;]<h4 class=\"vcex-module vcex-heading vcex-heading-plain\" style=\"color:#76232f;font-size:24px;text-align:center;text-transform:none;line-height:29px;\"><span class=\"vcex-heading-inner clr\">Assados<\/span><\/h4>[\/vc_column_inner][vc_column_inner width=&#8221;1\/3&#8243;][vc_single_image image=&#8221;496&#8243; alignment=&#8221;center&#8221; style=&#8221;vc_box_shadow_3d&#8221;]<h4 class=\"vcex-module vcex-heading vcex-heading-plain\" style=\"color:#76232f;font-size:24px;text-align:center;text-transform:none;line-height:29px;\"><span class=\"vcex-heading-inner clr\">Salgados<\/span><\/h4>[\/vc_column_inner][vc_column_inner width=&#8221;1\/3&#8243;][vc_single_image image=&#8221;591&#8243; alignment=&#8221;center&#8221; style=&#8221;vc_box_shadow_3d&#8221;]<h4 class=\"vcex-module vcex-heading vcex-heading-plain\" style=\"color:#76232f;font-size:24px;text-align:center;text-transform:none;line-height:29px;\"><span class=\"vcex-heading-inner clr\">Doces<\/span><\/h4>[\/vc_column_inner][\/vc_row_inner][vc_row_inner][vc_column_inner width=&#8221;1\/3&#8243;][vc_single_image image=&#8221;499&#8243; alignment=&#8221;center&#8221; style=&#8221;vc_box_shadow_3d&#8221;]<h4 class=\"vcex-module vcex-heading vcex-heading-plain\" style=\"color:#76232f;font-size:24px;text-align:center;text-transform:none;line-height:29px;\"><span class=\"vcex-heading-inner clr\">Tortas<\/span><\/h4>[\/vc_column_inner][vc_column_inner width=&#8221;1\/3&#8243;][vc_single_image image=&#8221;590&#8243; alignment=&#8221;center&#8221; style=&#8221;vc_box_shadow_3d&#8221;]<h4 class=\"vcex-module vcex-heading vcex-heading-plain\" style=\"color:#76232f;font-size:24px;text-align:center;text-transform:none;line-height:29px;\"><span class=\"vcex-heading-inner clr\">Sobremesas<\/span><\/h4>[\/vc_column_inner][vc_column_inner width=&#8221;1\/3&#8243;][vc_single_image image=&#8221;593&#8243; alignment=&#8221;center&#8221; style=&#8221;vc_box_shadow_3d&#8221;]<h4 class=\"vcex-module vcex-heading vcex-heading-plain\" style=\"color:#76232f;font-size:24px;text-align:center;text-transform:none;line-height:29px;\"><span class=\"vcex-heading-inner clr\">Caf\u00e9s<\/span><\/h4>[\/vc_column_inner][\/vc_row_inner][\/vc_column][\/vc_row][vc_row full_width=&#8221;stretch_row&#8221; content_placement=&#8221;middle&#8221; css=&#8221;.vc_custom_1522320196218{padding-top: 40px !important;background-color: #3d1500 !important;}&#8221;][vc_column]<h4 class=\"vcex-heading-link-wrap clr\"><a class=\"vcex-module vcex-heading vcex-heading-plain wpex-italic\" href=\"https:\/\/www.facebook.com\/saojoaods\" target=\"_blank\" rel=\"nofollow\" style=\"color:#f1e6c8;font-size:24px;text-align:center;text-transform:none;line-height:29px;\"><span class=\"vcex-heading-inner clr\">Acompanhe nossas novidades nas redes sociais. Siga @saojoaods no Instagram e Facebook<span class=\"vcex-icon-wrap vcex-icon-position-right\" style=\"color:#f1e6c8;\"><span class=\"entypo-icon entypo-icon-facebook-circled\"><\/span><\/span><\/span><\/a><\/h4>[\/vc_column][\/vc_row][vc_row full_width=&#8221;stretch_row_content_no_spaces&#8221; remove_bottom_col_margin=&#8221;true&#8221;][vc_column][vc_single_image image=&#8221;577&#8243; alignment=&#8221;center&#8221;][\/vc_column][\/vc_row]\n","protected":false},"excerpt":{"rendered":"<p>[vc_row full_width=&#8221;stretch_row&#8221; content_placement=&#8221;middle&#8221; css=&#8221;.vc_custom_1513893375178{padding-top: 80px !important;padding-bottom: 80px !important;background: #41382a url(http:\/\/webapp18426.ip-69-164-207-101.cloudezapp.io\/cafeteria\/wp-content\/uploads\/sites\/4\/2017\/12\/archesbrown.jpg?id=472) !important;background-position: 0 0 !important;background-repeat: repeat !important;}&#8221;][vc_column width=&#8221;1\/4&#8243;][\/vc_column][vc_column width=&#8221;1\/2&#8243;][\/vc_column][vc_column width=&#8221;1\/4&#8243;][\/vc_column][\/vc_row][vc_row full_width=&#8221;stretch_row&#8221; css=&#8221;.vc_custom_1513950772865{padding-top: 100px !important;padding-bottom: 100px !important;background-color: #f1e6c8 !important;}&#8221;][vc_column][vc_single_image image=&#8221;485&#8243; alignment=&#8221;center&#8221;][vc_row_inner][vc_column_inner width=&#8221;1\/3&#8243;][vc_single_image image=&#8221;489&#8243; alignment=&#8221;center&#8221; style=&#8221;vc_box_shadow_3d&#8221;][\/vc_column_inner][vc_column_inner width=&#8221;1\/3&#8243;][vc_single_image image=&#8221;496&#8243; alignment=&#8221;center&#8221; style=&#8221;vc_box_shadow_3d&#8221;][\/vc_column_inner][vc_column_inner width=&#8221;1\/3&#8243;][vc_single_image image=&#8221;591&#8243; alignment=&#8221;center&#8221;&hellip;<\/p>\n","protected":false},"author":2,"featured_media":0,"parent":0,"menu_order":0,"comment_status":"closed","ping_status":"closed","template":"","meta":{"footnotes":""},"class_list":["post-4","page","type-page","status-publish","hentry","entry","no-media"],"_links":{"self":[{"href":"https:\/\/saojoaods.com.br\/cafeteria\/wp-json\/wp\/v2\/pages\/4","targetHints":{"allow":["GET"]}}],"collection":[{"href":"https:\/\/saojoaods.com.br\/cafeteria\/wp-json\/wp\/v2\/pages"}],"about":[{"href":"https:\/\/saojoaods.com.br\/cafeteria\/wp-json\/wp\/v2\/types\/page"}],"author":[{"embeddable":true,"href":"https:\/\/saojoaods.com.br\/cafeteria\/wp-json\/wp\/v2\/users\/2"}],"replies":[{"embeddable":true,"href":"https:\/\/saojoaods.com.br\/cafeteria\/wp-json\/wp\/v2\/comments?post=4"}],"version-history":[{"count":118,"href":"https:\/\/saojoaods.com.br\/cafeteria\/wp-json\/wp\/v2\/pages\/4\/revisions"}],"predecessor-version":[{"id":1033,"href":"https:\/\/saojoaods.com.br\/cafeteria\/wp-json\/wp\/v2\/pages\/4\/revisions\/1033"}],"wp:attachment":[{"href":"https:\/\/saojoaods.com.br\/cafeteria\/wp-json\/wp\/v2\/media?parent=4"}],"curies":[{"name":"wp","href":"https:\/\/api.w.org\/{rel}","templated":true}]}}